{"id":368,"date":"2014-08-31T10:58:51","date_gmt":"2014-08-31T08:58:51","guid":{"rendered":"http:\/\/www.markus-krenn.at\/wordpress\/?page_id=368"},"modified":"2021-02-19T20:54:56","modified_gmt":"2021-02-19T18:54:56","slug":"links","status":"publish","type":"page","link":"https:\/\/www.markus-krenn.at\/wordpress\/links\/","title":{"rendered":"Links"},"content":{"rendered":"<p>Links<\/p>\n<p><a href=\"https:\/\/www.markus-krenn.at\"><img decoding=\"async\" class=\"alignnone size-full wp-image-373\" src=\"http:\/\/www.markus-krenn.at\/wordpress\/wp-content\/uploads\/2014\/08\/logo.gif\" alt=\"logo\" width=\"252\" height=\"41\"><\/a><\/p>\n<p>Falls ihr meine Seite verlinken m\u00f6chtet,<br \/>\nbenutzt bitte diesen Link. Danke!<\/p>\n<p>F\u00fcr die Inhalte der nachstehenden&nbsp;Links kann ich keine Haftung \u00fcbernehmen!<\/p>\n<p><span style=\"color: #000000;\">&nbsp;<\/span><\/p>\n<p><span style=\"text-decoration: underline;\"><span style=\"color: #000000;\"><strong>Befreundete Fotoseiten:<\/strong><\/span><\/span><\/p>\n<p><a href=\"http:\/\/www.digi-foto.at\" target=\"_blank\" rel=\"noopener\"><img decoding=\"async\" class=\"alignnone\" src=\"http:\/\/www.digi-foto.at\/images\/banner_250x32.jpg\" alt=\"\" width=\"250\" height=\"32\"><\/a><\/p>\n<p>Mein guter Freund Kurt H\u00f6dl zeigt auf seiner Seite tolle Bilder&nbsp;und es gibt auch tolle Tips!<\/p>\n","protected":false},"excerpt":{"rendered":"<p>Links Falls ihr meine Seite verlinken m\u00f6chtet, benutzt bitte diesen Link. Danke! F\u00fcr die Inhalte der nachstehenden&nbsp;Links kann ich keine Haftung \u00fcbernehmen! &nbsp; Befreundete Fotoseiten: Mein guter Freund Kurt H\u00f6dl zeigt auf seiner Seite tolle Bilder&nbsp;und es gibt auch tolle Tips!<\/p>\n","protected":false},"author":1,"featured_media":0,"parent":0,"menu_order":0,"comment_status":"closed","ping_status":"open","template":"","meta":{"ngg_post_thumbnail":0,"footnotes":""},"class_list":["post-368","page","type-page","status-publish"],"_links":{"self":[{"href":"https:\/\/www.markus-krenn.at\/wordpress\/wp-json\/wp\/v2\/pages\/368","targetHints":{"allow":["GET"]}}],"collection":[{"href":"https:\/\/www.markus-krenn.at\/wordpress\/wp-json\/wp\/v2\/pages"}],"about":[{"href":"https:\/\/www.markus-krenn.at\/wordpress\/wp-json\/wp\/v2\/types\/page"}],"author":[{"embeddable":true,"href":"https:\/\/www.markus-krenn.at\/wordpress\/wp-json\/wp\/v2\/users\/1"}],"replies":[{"embeddable":true,"href":"https:\/\/www.markus-krenn.at\/wordpress\/wp-json\/wp\/v2\/comments?post=368"}],"version-history":[{"count":16,"href":"https:\/\/www.markus-krenn.at\/wordpress\/wp-json\/wp\/v2\/pages\/368\/revisions"}],"predecessor-version":[{"id":4367,"href":"https:\/\/www.markus-krenn.at\/wordpress\/wp-json\/wp\/v2\/pages\/368\/revisions\/4367"}],"wp:attachment":[{"href":"https:\/\/www.markus-krenn.at\/wordpress\/wp-json\/wp\/v2\/media?parent=368"}],"curies":[{"name":"wp","href":"https:\/\/api.w.org\/{rel}","templated":true}]}}